{"id":153,"date":"2025-04-10T15:18:43","date_gmt":"2025-04-10T18:18:43","guid":{"rendered":"https:\/\/legalizegroup.com.br\/?page_id=153"},"modified":"2025-04-29T14:10:18","modified_gmt":"2025-04-29T17:10:18","slug":"a-legalize","status":"publish","type":"page","link":"https:\/\/legalizegroup.com.br\/index.php\/a-legalize\/","title":{"rendered":"A Legalize"},"content":{"rendered":"\t\t<div data-elementor-type=\"wp-page\" data-elementor-id=\"153\" class=\"elementor elementor-153\" data-elementor-post-type=\"page\">\n\t\t\t\t<div class=\"elementor-element elementor-element-a70d4b5 e-flex e-con-boxed e-con e-parent\" data-id=\"a70d4b5\" data-element_type=\"container\" data-settings=\"{&quot;background_background&quot;:&quot;video&quot;,&quot;background_video_link&quot;:&quot;https:\\\/\\\/youtu.be\\\/F2FzKyyaimE&quot;}\">\n\t\t\t\t\t<div class=\"e-con-inner\">\n\t\t<div class=\"elementor-background-video-container elementor-hidden-mobile\">\n\t\t\t\t\t\t\t<div class=\"elementor-background-video-embed\"><\/div>\n\t\t\t\t\t\t<\/div><div class=\"elementor-element elementor-element-834aa64 e-con-full e-flex e-con e-child\" data-id=\"834aa64\" data-element_type=\"container\">\n\t\t\t\t<div class=\"elementor-element elementor-element-36703f9 elementor-widget__width-initial elementor-position-top elementor-widget elementor-widget-image-box\" data-id=\"36703f9\" data-element_type=\"widget\" data-widget_type=\"image-box.default\">\n\t\t\t\t<div class=\"elementor-widget-container\">\n\t\t\t\t\t<div class=\"elementor-image-box-wrapper\"><figure class=\"elementor-image-box-img\"><img fetchpriority=\"high\" decoding=\"async\" width=\"240\" height=\"266\" src=\"https:\/\/legalizegroup.com.br\/wp-content\/uploads\/2025\/04\/LEGALIZE_GROUP_LOGO_VERTICAL-1-2-l.png\" class=\"attachment-full size-full wp-image-136\" alt=\"\" \/><\/figure><div class=\"elementor-image-box-content\"><h3 class=\"elementor-image-box-title\">Hist\u00f3ria da Legalize Group Crescimento e Sucesso<\/h3><\/div><\/div>\t\t\t\t<\/div>\n\t\t\t\t<\/div>\n\t\t\t\t<\/div>\n\t\t\t\t\t<\/div>\n\t\t\t\t<\/div>\n\t\t<div class=\"elementor-element elementor-element-ac8b1c7 e-flex e-con-boxed e-con e-parent\" data-id=\"ac8b1c7\" data-element_type=\"container\" data-settings=\"{&quot;background_background&quot;:&quot;classic&quot;}\">\n\t\t\t\t\t<div class=\"e-con-inner\">\n\t\t<div class=\"elementor-element elementor-element-474a744 e-con-full e-flex e-con e-child\" data-id=\"474a744\" data-element_type=\"container\">\n\t\t\t\t<div class=\"elementor-element elementor-element-b2d4a98 elementor-widget__width-initial elementor-position-top elementor-widget elementor-widget-image-box\" data-id=\"b2d4a98\" data-element_type=\"widget\" data-widget_type=\"image-box.default\">\n\t\t\t\t<div class=\"elementor-widget-container\">\n\t\t\t\t\t<div class=\"elementor-image-box-wrapper\"><figure class=\"elementor-image-box-img\"><img fetchpriority=\"high\" decoding=\"async\" width=\"240\" height=\"266\" src=\"https:\/\/legalizegroup.com.br\/wp-content\/uploads\/2025\/04\/LEGALIZE_GROUP_LOGO_VERTICAL-1-2-l.png\" class=\"attachment-full size-full wp-image-136\" alt=\"\" \/><\/figure><div class=\"elementor-image-box-content\"><h3 class=\"elementor-image-box-title\">O sonho que se tornou realidade<\/h3><p class=\"elementor-image-box-description\">Sabe aquela hist\u00f3ria cantada por Raul Seixas de que \n<br><\/br>\n\u201csonho que se sonha junto \u00e9 realidade\u201d?\n<br><\/br>\nPois \u00e9. No caso da Legalize Group, o sonho foi sonhado s\u00f3, mas a concretiza\u00e7\u00e3o dele teve a participa\u00e7\u00e3o de muita gente importante na vida de Mauro Lopes.<\/p><\/div><\/div>\t\t\t\t<\/div>\n\t\t\t\t<\/div>\n\t\t\t\t<\/div>\n\t\t<div class=\"elementor-element elementor-element-99afd2e e-con-full e-flex e-con e-child\" data-id=\"99afd2e\" data-element_type=\"container\">\n\t\t\t\t<div class=\"elementor-element elementor-element-1aac3d3 elementor-widget elementor-widget-image\" data-id=\"1aac3d3\" data-element_type=\"widget\" data-widget_type=\"image.default\">\n\t\t\t\t<div class=\"elementor-widget-container\">\n\t\t\t\t\t\t\t\t\t\t\t\t\t\t\t<img decoding=\"async\" width=\"678\" height=\"624\" src=\"https:\/\/legalizegroup.com.br\/wp-content\/uploads\/2025\/04\/Voce-chegou-no-lugar-certo.-108.75-x-145-cm-2.jpg\" class=\"attachment-large size-large wp-image-256\" alt=\"\" srcset=\"https:\/\/legalizegroup.com.br\/wp-content\/uploads\/2025\/04\/Voce-chegou-no-lugar-certo.-108.75-x-145-cm-2.jpg 678w, https:\/\/legalizegroup.com.br\/wp-content\/uploads\/2025\/04\/Voce-chegou-no-lugar-certo.-108.75-x-145-cm-2-300x276.jpg 300w\" sizes=\"(max-width: 678px) 100vw, 678px\" \/>\t\t\t\t\t\t\t\t\t\t\t\t\t\t\t<\/div>\n\t\t\t\t<\/div>\n\t\t\t\t<\/div>\n\t\t\t\t\t<\/div>\n\t\t\t\t<\/div>\n\t\t<div class=\"elementor-element elementor-element-5973ae7 e-flex e-con-boxed e-con e-parent\" data-id=\"5973ae7\" data-element_type=\"container\" data-settings=\"{&quot;background_background&quot;:&quot;classic&quot;}\">\n\t\t\t\t\t<div class=\"e-con-inner\">\n\t\t<div class=\"elementor-element elementor-element-b1f170f e-con-full e-flex e-con e-child\" data-id=\"b1f170f\" data-element_type=\"container\">\n\t\t\t\t<div class=\"elementor-element elementor-element-7dd200f elementor-widget elementor-widget-image\" data-id=\"7dd200f\" data-element_type=\"widget\" data-widget_type=\"image.default\">\n\t\t\t\t<div class=\"elementor-widget-container\">\n\t\t\t\t\t\t\t\t\t\t\t\t\t\t\t<img decoding=\"async\" width=\"351\" height=\"344\" src=\"https:\/\/legalizegroup.com.br\/wp-content\/uploads\/2025\/04\/4.png\" class=\"attachment-large size-large wp-image-274\" alt=\"\" srcset=\"https:\/\/legalizegroup.com.br\/wp-content\/uploads\/2025\/04\/4.png 351w, https:\/\/legalizegroup.com.br\/wp-content\/uploads\/2025\/04\/4-300x294.png 300w\" sizes=\"(max-width: 351px) 100vw, 351px\" \/>\t\t\t\t\t\t\t\t\t\t\t\t\t\t\t<\/div>\n\t\t\t\t<\/div>\n\t\t\t\t<\/div>\n\t\t<div class=\"elementor-element elementor-element-7f14c41 e-con-full e-flex e-con e-child\" data-id=\"7f14c41\" data-element_type=\"container\">\n\t\t\t\t<div class=\"elementor-element elementor-element-b1f48b2 elementor-widget__width-initial elementor-position-top elementor-widget elementor-widget-image-box\" data-id=\"b1f48b2\" data-element_type=\"widget\" data-widget_type=\"image-box.default\">\n\t\t\t\t<div class=\"elementor-widget-container\">\n\t\t\t\t\t<div class=\"elementor-image-box-wrapper\"><figure class=\"elementor-image-box-img\"><img fetchpriority=\"high\" decoding=\"async\" width=\"240\" height=\"266\" src=\"https:\/\/legalizegroup.com.br\/wp-content\/uploads\/2025\/04\/LEGALIZE_GROUP_LOGO_VERTICAL-1-2-l.png\" class=\"attachment-full size-full wp-image-136\" alt=\"\" \/><\/figure><div class=\"elementor-image-box-content\"><h3 class=\"elementor-image-box-title\">O sonho que se tornou realidade<\/h3><p class=\"elementor-image-box-description\">Ainda garoto, filho de Odilon Gualberto e Z\u00e9lia Faria, com mais seis irm\u00e3os, Mauro Lopes aprendeu que o f\u00e1cil n\u00e3o era brincadeira, e tampouco a realidade rural e humilde vivida na inf\u00e2ncia e adolesc\u00eancia. \n<br><\/br>\nMesmo com o aconchego da fam\u00edlia, ele precisava criar asas e voar.\n<br><\/br>\n\u201cMinha m\u00e3e foi uma das minhas maiores incentivadoras. Desde cedo, ela falava com meu pai: Mauro \u00e9 diferente, ele gosta e quer estudar\u201d, conta Lopes.\n<br><\/br>\nFoi ent\u00e3o que o jovem batalhou e come\u00e7ou sua trajet\u00f3ria profissional. Aos 14 anos, j\u00e1 atuava na \u00e1rea cont\u00e1bil num renomado escrit\u00f3rio de Contabilidade, em Belo Horizonte.\n<br><\/br>\nAos 18, tornou-se gerente geral do escrit\u00f3rio, adquirindo conhecimento em todas as \u00e1reas do segmento cont\u00e1bil. Aos 19, foi contratado como contador de um renomado hospital da capital. Aos 22, se arriscou e abriu sozinho seu primeiro escrit\u00f3rio de consultoria cont\u00e1bil no tradicional <b><Strong>Edif\u00edcio Maleta<\/b><\/Strong>.\n<br><\/br>\nNascia a Legalize Auditoria e Consultoria Cont\u00e1bil Ltda devidamente registrada no Conselho Regional de Contabilidade so numero 7900\/O\n<br><\/br>\nNeste periodo, em paralelo, decidiu se formar nas areas contabeis e Direito, com v\u00e1rias extens\u00f5es, especializac\u00f5es e mestrados, alem de cursos no brasil e no Exterior.\n<br><\/br>\n\"Vou te falar que n\u00e3o foi f\u00e1cil. Mas tenho muito orgulho de dizer que, seja com um funcion\u00e1rio ou com mil, sempre me preocupei em oferecer tudo que o colaborador precisa. Nunca deixei atrasar um dia sequer do sal\u00e1rio dos meus funcion\u00e1rios\", conta Mauro.<\/p><\/div><\/div>\t\t\t\t<\/div>\n\t\t\t\t<\/div>\n\t\t\t\t<\/div>\n\t\t\t\t\t<\/div>\n\t\t\t\t<\/div>\n\t\t<div class=\"elementor-element elementor-element-494ea72 e-flex e-con-boxed e-con e-parent\" data-id=\"494ea72\" data-element_type=\"container\" data-settings=\"{&quot;background_background&quot;:&quot;classic&quot;}\">\n\t\t\t\t\t<div class=\"e-con-inner\">\n\t\t<div class=\"elementor-element elementor-element-a05ddba e-con-full e-flex e-con e-child\" data-id=\"a05ddba\" data-element_type=\"container\">\n\t\t\t\t<div class=\"elementor-element elementor-element-51ab9d7 elementor-widget__width-initial elementor-position-top elementor-widget elementor-widget-image-box\" data-id=\"51ab9d7\" data-element_type=\"widget\" data-widget_type=\"image-box.default\">\n\t\t\t\t<div class=\"elementor-widget-container\">\n\t\t\t\t\t<div class=\"elementor-image-box-wrapper\"><figure class=\"elementor-image-box-img\"><img fetchpriority=\"high\" decoding=\"async\" width=\"240\" height=\"266\" src=\"https:\/\/legalizegroup.com.br\/wp-content\/uploads\/2025\/04\/LEGALIZE_GROUP_LOGO_VERTICAL-1-2-l.png\" class=\"attachment-full size-full wp-image-136\" alt=\"\" \/><\/figure><div class=\"elementor-image-box-content\"><h3 class=\"elementor-image-box-title\">Expans\u00e3o Empresarial<\/h3><p class=\"elementor-image-box-description\">Com o tempo, os neg\u00f3cios foram crescendo. Mauro investiu em uma sociedade no setor de hotelaria e, depois, no ramo de ativos financeiros (factoring). O sucesso fez com que a empresa precisasse de um espa\u00e7o maior.\n<br><\/br>\nO local escolhido foi o bairro Cai\u00e7ara, onde j\u00e1 residia com sua esposa e uma de suas filhas.\n\nEm 2010, o Grupo Legalize fortaleceu-se e consolidou-se no mercado, tornando-se refer\u00eancia na \u00e1rea cont\u00e1bil.\n<br><\/br>\n<i>\u201cMudamos para o bairro Cai\u00e7ara, em um im\u00f3vel alugado. Quando consegui comprar o atual pr\u00e9dio, foi, sem d\u00favida, uma das minhas maiores realiza\u00e7\u00f5es\u201d, conta Mauro.\n<br><\/br><\/i>\nAl\u00e9m disso, naquela epoca, ele se tornou diretor jur\u00eddico e financeiro da multinacional Egentic Brasil, do segmento de leads, estabelecida em 17 pa\u00edses.<\/p><\/div><\/div>\t\t\t\t<\/div>\n\t\t\t\t<\/div>\n\t\t\t\t<\/div>\n\t\t<div class=\"elementor-element elementor-element-850bd0e e-con-full e-flex e-con e-child\" data-id=\"850bd0e\" data-element_type=\"container\">\n\t\t\t\t<div class=\"elementor-element elementor-element-68436b3 elementor-widget elementor-widget-image\" data-id=\"68436b3\" data-element_type=\"widget\" data-widget_type=\"image.default\">\n\t\t\t\t<div class=\"elementor-widget-container\">\n\t\t\t\t\t\t\t\t\t\t\t\t\t\t\t<img decoding=\"async\" src=\"https:\/\/legalizegroup.com.br\/wp-content\/uploads\/2025\/04\/6.jpg\" title=\"\" alt=\"\" loading=\"lazy\" \/>\t\t\t\t\t\t\t\t\t\t\t\t\t\t\t<\/div>\n\t\t\t\t<\/div>\n\t\t\t\t<\/div>\n\t\t\t\t\t<\/div>\n\t\t\t\t<\/div>\n\t\t<div class=\"elementor-element elementor-element-1af0741 e-flex e-con-boxed e-con e-parent\" data-id=\"1af0741\" data-element_type=\"container\" data-settings=\"{&quot;background_background&quot;:&quot;classic&quot;}\">\n\t\t\t\t\t<div class=\"e-con-inner\">\n\t\t<div class=\"elementor-element elementor-element-f0554d3 e-con-full e-flex e-con e-child\" data-id=\"f0554d3\" data-element_type=\"container\">\n\t\t\t\t<div class=\"elementor-element elementor-element-96e6d8b elementor-widget__width-initial elementor-position-top elementor-widget elementor-widget-image-box\" data-id=\"96e6d8b\" data-element_type=\"widget\" data-widget_type=\"image-box.default\">\n\t\t\t\t<div class=\"elementor-widget-container\">\n\t\t\t\t\t<div class=\"elementor-image-box-wrapper\"><figure class=\"elementor-image-box-img\"><img fetchpriority=\"high\" decoding=\"async\" width=\"240\" height=\"266\" src=\"https:\/\/legalizegroup.com.br\/wp-content\/uploads\/2025\/04\/LEGALIZE_GROUP_LOGO_VERTICAL-1-2-l.png\" class=\"attachment-full size-full wp-image-136\" alt=\"\" \/><\/figure><div class=\"elementor-image-box-content\"><h3 class=\"elementor-image-box-title\">Consultoria Cont\u00e1bil<\/h3><\/div><\/div>\t\t\t\t<\/div>\n\t\t\t\t<\/div>\n\t\t\t\t<div class=\"elementor-element elementor-element-e4bfa74 elementor-widget elementor-widget-image\" data-id=\"e4bfa74\" data-element_type=\"widget\" data-widget_type=\"image.default\">\n\t\t\t\t<div class=\"elementor-widget-container\">\n\t\t\t\t\t\t\t\t\t\t\t\t\t\t\t<img loading=\"lazy\" decoding=\"async\" width=\"316\" height=\"344\" src=\"https:\/\/legalizegroup.com.br\/wp-content\/uploads\/2025\/04\/1729267578-1.jpg\" class=\"attachment-large size-large wp-image-285\" alt=\"\" srcset=\"https:\/\/legalizegroup.com.br\/wp-content\/uploads\/2025\/04\/1729267578-1.jpg 316w, https:\/\/legalizegroup.com.br\/wp-content\/uploads\/2025\/04\/1729267578-1-276x300.jpg 276w\" sizes=\"(max-width: 316px) 100vw, 316px\" \/>\t\t\t\t\t\t\t\t\t\t\t\t\t\t\t<\/div>\n\t\t\t\t<\/div>\n\t\t\t\t<\/div>\n\t\t<div class=\"elementor-element elementor-element-df1e2f1 e-con-full e-flex e-con e-child\" data-id=\"df1e2f1\" data-element_type=\"container\">\n\t\t\t\t<div class=\"elementor-element elementor-element-b01cfce elementor-widget__width-initial elementor-widget elementor-widget-image-box\" data-id=\"b01cfce\" data-element_type=\"widget\" data-widget_type=\"image-box.default\">\n\t\t\t\t<div class=\"elementor-widget-container\">\n\t\t\t\t\t<div class=\"elementor-image-box-wrapper\"><div class=\"elementor-image-box-content\"><p class=\"elementor-image-box-description\">Esse foi o primeiro neg\u00f3cio desenvolvido pelo Grupo Legalize. Com mais de 20 anos de atua\u00e7\u00e3o no mercado, a empresa possui profissionais especializados na \u00e1rea e uma estrutura eficiente.\n<br><\/br>\nAtualmente, a Legalize atende milhares de clientes em todo o Brasil, incluindo times de futebol, ve\u00edculos de comunica\u00e7\u00e3o, multinacionais e grandes redes de lojas.\n<br><\/br>\nO coordenador do setor de Contabilidade, Tiago Furtado, explica:\n<br><\/br>\n\"Fui colega de faculdade do Dr Mauro, atuava em uma multinacional quando ele me ofereceu essa oportunidade. Vim para o Grupo Legalize e aqui tenho o que preciso para desenvolver um trabalho de qualidade\".\n<br><\/br>\nPara modernizar ainda mais a empresa, foi implantado um sistema proprio de atendimento, reduzindo o tempo m\u00e9dio de atendimento de 5 horas para apenas 15 minutos.\n<br><\/br>\n\"Nosso sistema impede que qualquer solicita\u00e7\u00e3o seja esquecida, garantindo rapidez e efici\u00eancia para os clientes\", explica Mauro.<\/p><\/div><\/div>\t\t\t\t<\/div>\n\t\t\t\t<\/div>\n\t\t\t\t<\/div>\n\t\t\t\t\t<\/div>\n\t\t\t\t<\/div>\n\t\t<div class=\"elementor-element elementor-element-56703a3 e-flex e-con-boxed e-con e-parent\" data-id=\"56703a3\" data-element_type=\"container\" data-settings=\"{&quot;background_background&quot;:&quot;classic&quot;}\">\n\t\t\t\t\t<div class=\"e-con-inner\">\n\t\t<div class=\"elementor-element elementor-element-81441d5 e-con-full e-flex e-con e-child\" data-id=\"81441d5\" data-element_type=\"container\">\n\t\t\t\t<div class=\"elementor-element elementor-element-fa88e75 elementor-widget__width-initial elementor-position-top elementor-widget elementor-widget-image-box\" data-id=\"fa88e75\" data-element_type=\"widget\" data-widget_type=\"image-box.default\">\n\t\t\t\t<div class=\"elementor-widget-container\">\n\t\t\t\t\t<div class=\"elementor-image-box-wrapper\"><figure class=\"elementor-image-box-img\"><img fetchpriority=\"high\" decoding=\"async\" width=\"240\" height=\"266\" src=\"https:\/\/legalizegroup.com.br\/wp-content\/uploads\/2025\/04\/LEGALIZE_GROUP_LOGO_VERTICAL-1-2-l.png\" class=\"attachment-full size-full wp-image-136\" alt=\"\" \/><\/figure><div class=\"elementor-image-box-content\"><h3 class=\"elementor-image-box-title\">Advocacia<\/h3><p class=\"elementor-image-box-description\">Para garantir atendimento jur\u00eddico de excel\u00eancia, a Legalize Group conta um um plantel de mais de 50 advogados das diversas areas do direito.\n<br><\/br>\nUm dos advogados, respons\u00e1vel pelo setor, explica:\n<br><\/br>\n<i>\"Nos conhecemos h\u00e1 12 anos, e Mauro sempre valorizou o trabalho jur\u00eddico. Hoje temos uma equipe s\u00f3lida e de muito sucesso\".\n<br><\/br><\/i>\nO setor jur\u00eddico trabalha de forma estrat\u00e9gica e consultiva, garantindo seguran\u00e7a para os clientes.<\/p><\/div><\/div>\t\t\t\t<\/div>\n\t\t\t\t<\/div>\n\t\t\t\t<\/div>\n\t\t<div class=\"elementor-element elementor-element-06c7bf6 e-con-full e-flex e-con e-child\" data-id=\"06c7bf6\" data-element_type=\"container\">\n\t\t\t\t<div class=\"elementor-element elementor-element-d2de3e5 elementor-widget elementor-widget-image\" data-id=\"d2de3e5\" data-element_type=\"widget\" data-widget_type=\"image.default\">\n\t\t\t\t<div class=\"elementor-widget-container\">\n\t\t\t\t\t\t\t\t\t\t\t\t\t\t\t<img loading=\"lazy\" decoding=\"async\" width=\"315\" height=\"344\" src=\"https:\/\/legalizegroup.com.br\/wp-content\/uploads\/2025\/04\/Design-sem-nome-17-1.jpg\" class=\"attachment-large size-large wp-image-284\" alt=\"\" srcset=\"https:\/\/legalizegroup.com.br\/wp-content\/uploads\/2025\/04\/Design-sem-nome-17-1.jpg 315w, https:\/\/legalizegroup.com.br\/wp-content\/uploads\/2025\/04\/Design-sem-nome-17-1-275x300.jpg 275w\" sizes=\"(max-width: 315px) 100vw, 315px\" \/>\t\t\t\t\t\t\t\t\t\t\t\t\t\t\t<\/div>\n\t\t\t\t<\/div>\n\t\t\t\t<\/div>\n\t\t\t\t\t<\/div>\n\t\t\t\t<\/div>\n\t\t<div class=\"elementor-element elementor-element-d2c8caa e-flex e-con-boxed e-con e-parent\" data-id=\"d2c8caa\" data-element_type=\"container\" data-settings=\"{&quot;background_background&quot;:&quot;classic&quot;}\">\n\t\t\t\t\t<div class=\"e-con-inner\">\n\t\t<div class=\"elementor-element elementor-element-cfe3a70 e-con-full e-flex e-con e-child\" data-id=\"cfe3a70\" data-element_type=\"container\">\n\t\t\t\t<div class=\"elementor-element elementor-element-b598b45 elementor-widget elementor-widget-image\" data-id=\"b598b45\" data-element_type=\"widget\" data-widget_type=\"image.default\">\n\t\t\t\t<div class=\"elementor-widget-container\">\n\t\t\t\t\t\t\t\t\t\t\t\t\t\t\t<img loading=\"lazy\" decoding=\"async\" width=\"316\" height=\"344\" src=\"https:\/\/legalizegroup.com.br\/wp-content\/uploads\/2025\/04\/11.jpg\" class=\"attachment-large size-large wp-image-281\" alt=\"\" srcset=\"https:\/\/legalizegroup.com.br\/wp-content\/uploads\/2025\/04\/11.jpg 316w, https:\/\/legalizegroup.com.br\/wp-content\/uploads\/2025\/04\/11-276x300.jpg 276w\" sizes=\"(max-width: 316px) 100vw, 316px\" \/>\t\t\t\t\t\t\t\t\t\t\t\t\t\t\t<\/div>\n\t\t\t\t<\/div>\n\t\t\t\t<\/div>\n\t\t<div class=\"elementor-element elementor-element-18b9293 e-con-full e-flex e-con e-child\" data-id=\"18b9293\" data-element_type=\"container\">\n\t\t\t\t<div class=\"elementor-element elementor-element-577c153 elementor-widget__width-initial elementor-position-top elementor-widget elementor-widget-image-box\" data-id=\"577c153\" data-element_type=\"widget\" data-widget_type=\"image-box.default\">\n\t\t\t\t<div class=\"elementor-widget-container\">\n\t\t\t\t\t<div class=\"elementor-image-box-wrapper\"><figure class=\"elementor-image-box-img\"><img fetchpriority=\"high\" decoding=\"async\" width=\"240\" height=\"266\" src=\"https:\/\/legalizegroup.com.br\/wp-content\/uploads\/2025\/04\/LEGALIZE_GROUP_LOGO_VERTICAL-1-2-l.png\" class=\"attachment-full size-full wp-image-136\" alt=\"\" \/><\/figure><div class=\"elementor-image-box-content\"><h3 class=\"elementor-image-box-title\">Auditoria<\/h3><p class=\"elementor-image-box-description\">A auditoria, atua em \u00e1reas como cont\u00e1bil, fiscal, societ\u00e1ria e consultoria. \n<br><\/br>\nA equipe de auditores conta com profissionais altamente especializados, garantindo confiabilidade e responsabilidade em todos os processos.\n<br><\/br>\nDr Mauro por exemplo \u00e9 membro do IBRACON registro 4629 e ASPEJUDI numero 936-P<\/p><\/div><\/div>\t\t\t\t<\/div>\n\t\t\t\t<\/div>\n\t\t\t\t<\/div>\n\t\t\t\t\t<\/div>\n\t\t\t\t<\/div>\n\t\t<div class=\"elementor-element elementor-element-85698d2 e-flex e-con-boxed e-con e-parent\" data-id=\"85698d2\" data-element_type=\"container\" data-settings=\"{&quot;background_background&quot;:&quot;classic&quot;}\">\n\t\t\t\t\t<div class=\"e-con-inner\">\n\t\t<div class=\"elementor-element elementor-element-872d7bd e-con-full e-flex e-con e-child\" data-id=\"872d7bd\" data-element_type=\"container\">\n\t\t\t\t<div class=\"elementor-element elementor-element-2aca4fd elementor-widget__width-initial elementor-position-top elementor-widget elementor-widget-image-box\" data-id=\"2aca4fd\" data-element_type=\"widget\" data-widget_type=\"image-box.default\">\n\t\t\t\t<div class=\"elementor-widget-container\">\n\t\t\t\t\t<div class=\"elementor-image-box-wrapper\"><figure class=\"elementor-image-box-img\"><img fetchpriority=\"high\" decoding=\"async\" width=\"240\" height=\"266\" src=\"https:\/\/legalizegroup.com.br\/wp-content\/uploads\/2025\/04\/LEGALIZE_GROUP_LOGO_VERTICAL-1-2-l.png\" class=\"attachment-full size-full wp-image-136\" alt=\"\" \/><\/figure><div class=\"elementor-image-box-content\"><h3 class=\"elementor-image-box-title\">Excel\u00eancia Reconhecida<\/h3><p class=\"elementor-image-box-description\">O Grupo Legalize conquistou o certificado ISO 9001, em 2011 consolidando-se como refer\u00eancia em qualidade e gest\u00e3o empresarial. Al\u00e9m disso, est\u00e1 entre as cinco melhores empresas do estado na categoria.\n<br><\/br>\nA Legalize Group continua crescendo, investindo em inova\u00e7\u00e3o, atendimento eficiente e solu\u00e7\u00f5es completas para seus clientes.\n<br><\/br>\n<i>\"Nossa miss\u00e3o \u00e9 oferecer um servi\u00e7o de qualidade, com \u00e9tica e compromisso, ajudando empresas e empreendedores a prosperarem no Brasil\", conclui Mauro Lopes.<\/i><\/p><\/div><\/div>\t\t\t\t<\/div>\n\t\t\t\t<\/div>\n\t\t\t\t<\/div>\n\t\t<div class=\"elementor-element elementor-element-2e673b0 e-con-full e-flex e-con e-child\" data-id=\"2e673b0\" data-element_type=\"container\">\n\t\t\t\t<div class=\"elementor-element elementor-element-44ad95d elementor-widget elementor-widget-image\" data-id=\"44ad95d\" data-element_type=\"widget\" data-widget_type=\"image.default\">\n\t\t\t\t<div class=\"elementor-widget-container\">\n\t\t\t\t\t\t\t\t\t\t\t\t\t\t\t<img loading=\"lazy\" decoding=\"async\" width=\"315\" height=\"344\" src=\"https:\/\/legalizegroup.com.br\/wp-content\/uploads\/2025\/04\/13.jpg\" class=\"attachment-large size-large wp-image-282\" alt=\"\" srcset=\"https:\/\/legalizegroup.com.br\/wp-content\/uploads\/2025\/04\/13.jpg 315w, https:\/\/legalizegroup.com.br\/wp-content\/uploads\/2025\/04\/13-275x300.jpg 275w\" sizes=\"(max-width: 315px) 100vw, 315px\" \/>\t\t\t\t\t\t\t\t\t\t\t\t\t\t\t<\/div>\n\t\t\t\t<\/div>\n\t\t\t\t<\/div>\n\t\t\t\t\t<\/div>\n\t\t\t\t<\/div>\n\t\t\t\t<\/div>\n\t\t","protected":false},"excerpt":{"rendered":"<p>Hist\u00f3ria da Legalize Group Crescimento e Sucesso O sonho que se tornou realidade Sabe aquela hist\u00f3ria cantada por Raul Seixas de que \u201csonho que se sonha junto \u00e9 realidade\u201d? Pois \u00e9. No caso da Legalize Group, o sonho foi sonhado s\u00f3, mas a concretiza\u00e7\u00e3o dele teve a participa\u00e7\u00e3o de muita gente importante na vida de [&hellip;]<\/p>\n","protected":false},"author":1,"featured_media":0,"parent":0,"menu_order":0,"comment_status":"closed","ping_status":"closed","template":"elementor_header_footer","meta":{"footnotes":""},"class_list":["post-153","page","type-page","status-publish","hentry"],"_links":{"self":[{"href":"https:\/\/legalizegroup.com.br\/index.php\/wp-json\/wp\/v2\/pages\/153","targetHints":{"allow":["GET"]}}],"collection":[{"href":"https:\/\/legalizegroup.com.br\/index.php\/wp-json\/wp\/v2\/pages"}],"about":[{"href":"https:\/\/legalizegroup.com.br\/index.php\/wp-json\/wp\/v2\/types\/page"}],"author":[{"embeddable":true,"href":"https:\/\/legalizegroup.com.br\/index.php\/wp-json\/wp\/v2\/users\/1"}],"replies":[{"embeddable":true,"href":"https:\/\/legalizegroup.com.br\/index.php\/wp-json\/wp\/v2\/comments?post=153"}],"version-history":[{"count":31,"href":"https:\/\/legalizegroup.com.br\/index.php\/wp-json\/wp\/v2\/pages\/153\/revisions"}],"predecessor-version":[{"id":316,"href":"https:\/\/legalizegroup.com.br\/index.php\/wp-json\/wp\/v2\/pages\/153\/revisions\/316"}],"wp:attachment":[{"href":"https:\/\/legalizegroup.com.br\/index.php\/wp-json\/wp\/v2\/media?parent=153"}],"curies":[{"name":"wp","href":"https:\/\/api.w.org\/{rel}","templated":true}]}}